{"id":676,"date":"2025-02-25T02:11:54","date_gmt":"2025-02-25T02:11:54","guid":{"rendered":"https:\/\/lavoz.us.com\/homepage\/?page_id=676"},"modified":"2026-04-28T00:23:51","modified_gmt":"2026-04-28T00:23:51","slug":"annoucements","status":"publish","type":"page","link":"https:\/\/lavoz.us.com\/homepage\/annoucements\/","title":{"rendered":"Annoucements"},"content":{"rendered":"\n<h2 class=\"wp-block-heading has-text-align-center\" style=\"margin-top:0;margin-bottom:0;padding-top:0;padding-right:0;padding-bottom:0;padding-left:0\">Anuncios y eventos<br>Events and Announcements<\/h2>\n\n\n\n<div style=\"height:38px\" aria-hidden=\"true\" class=\"wp-block-spacer\"><\/div>\n\n\n\n<figure class=\"wp-block-image aligncenter size-full\"><a href=\"https:\/\/link.mail.beehiiv.com\/ss\/c\/u001.q7Bxt1ize9eICJj7P9csjnHm7u1rtP_GhipZatGkurngPA9z601SsCNIuf3jX02zZX7_IrDxa_VI-4dKh86OYOCrf-sw-5VuQ04I_QLZgul3zVdRjKJ54gDOgwip0mP0-fIBJH7yrOurF14qruibvihbgeeGGkRE3y9zpFgFGnVYN5BEb-kHO6CEFjvDXD381Tc1dAt_v0g1qw8bHYCZzq3MpMA5mbLVLkIFunrMo5GlW_po_8rwIIIzZLNDz0UQTW9nwxJC3dt7-_Ue69UqNQKAKmelLW5YJhrXGP7mY1bNh_U3K4W23FgSUSnc7Suh8xeSsjM88QnJUKB62wDh3U1zTC4aTFWRncOrXzCDsV6ZKNX9M5B2jqe07TQS6d_XDbv8bp9av2DYMDJudFbbOg\/4q2\/i7bfbZKMQL2AIU36LB98nQ\/h13\/h001.JVZuPw3_s9Pb5H0dCOM-mCqQh07-fdtXHG7c3L7HAAU\"><img fetchpriority=\"high\" decoding=\"async\" width=\"1280\" height=\"720\" src=\"https:\/\/lavoz.us.com\/homepage\/wp-content\/uploads\/2026\/04\/image-1.png\" alt=\"\" class=\"wp-image-1902\" srcset=\"https:\/\/lavoz.us.com\/homepage\/wp-content\/uploads\/2026\/04\/image-1.png 1280w, https:\/\/lavoz.us.com\/homepage\/wp-content\/uploads\/2026\/04\/image-1-800x450.png 800w, https:\/\/lavoz.us.com\/homepage\/wp-content\/uploads\/2026\/04\/image-1-768x432.png 768w\" sizes=\"(max-width: 1280px) 100vw, 1280px\" \/><\/a><\/figure>\n\n\n\n<p><strong>Santa Rosa Zine Fest regresa con tres d\u00edas de arte y cultura DIY<\/strong><br>El Santa Rosa Zine Fest 2026 celebrar\u00e1 su sexta edici\u00f3n del 30 de abril al 2 de mayo con actividades dedicadas a la autoedici\u00f3n, el arte independiente y la creaci\u00f3n comunitaria. El evento invita tanto a creadores experimentados como a principiantes a participar en talleres, encuentros y espacios de intercambio creativo. La celebraci\u00f3n busca fortalecer la comunidad art\u00edstica local y promover la cultura DIY en un ambiente abierto para todas las edades.<\/p>\n\n\n\n<p><strong>Santa Rosa Zine Fest returns with three days of DIY art and community<\/strong><br>The sixth annual Santa Rosa Zine Fest 2026 will take place April 30\u2013May 2, bringing together artists, self-publishers and curious creators for three days of DIY culture, workshops and community connection. The event welcomes both experienced zinesters and newcomers interested in exploring independent publishing and creative expression while supporting local art and collaboration.<\/p>\n\n\n\n<hr class=\"wp-block-separator has-alpha-channel-opacity\"\/>\n\n\n\n<p><\/p>\n\n\n\n<figure class=\"wp-block-image aligncenter size-full\"><a href=\"https:\/\/link.mail.beehiiv.com\/ss\/c\/u001.YCk0ZhGuRdgMQujtfKLiJHXTpbv4bT0sKEAunzGR3fexJMeVuUve_jmWMjZQtv9iRztUoYimxiaYaX-iXHIBflEGwGeM99vW1vrzxN-r-0OcKS3cJZT5TLfEIIc5QR4wQ1H5xdzsavFx5jUNpYDk10GvHIyUaMXEYwZZfysTROiieJj5B8oI7n-UyaI5G0JZQTHkqIwQIbN_bZ4gRWt8bAHPVkZnqLOQzRNjkhPlYHDpK9gPBQIBWsw6Ht4-t75OikNMPTKz3K7fWJjkfTfrSEBBrCff9wcDwZwjR92QYfekIMIXv1GwyTrGjmmvL8tTdPM01Ax7npGr1bf75mMQdnWiMsuBIXwCH8o8ZJEWDHdbKxe-gX5-QG3Xn8Xjds8UXe4ln0zj3JoJ9TaLQ5vl5M48H6fv48lppFUuudb-7afMmc8xICYsOtOoalU-wO3Nt2X2KTCLzVkcUHK5I92FPNOdVfb4kWqshB7nE7grg8cr0JzmVuHbAYV0qoKocMQWHOoWOnxhOo_PadWsyyd2LI7LFZtjRkGQ1kq-h5W-7Y-i0msi5mwbugC3_mDjPMIlB0X0vzZz1CExIc2-4c7Dfog4WvZbjb04W3AqYjPrWvwZgdCHKuBuhZeZ_q89KXUxN0swcfWNtHXY3PCO2EJKMBsfH43P88tMr0qyhpKGmNDp2dh0IP8Xr23sgcXTgmV9-leNDI2Op3JBt36TJ_8KaEOevPQRb3bMx9Vj9W7J4LG-zDRzl9Vh5J91IFJC1LeaYPU2mumU0FddPigggu3f-iX_aTrNMVSj2QhMU5fA8eEFOzQYt12KAxp9xlOibderHMofcEk1GEMlLjW2QVmCQISgswRkk7snTgm39AEFuf8\/4q2\/i7bfbZKMQL2AIU36LB98nQ\/h14\/h001.ZrveXsJoIN7XnvQEzq5bjBx84X7VKzEazEg8hZ52y6E\"><img decoding=\"async\" width=\"1200\" height=\"696\" src=\"https:\/\/lavoz.us.com\/homepage\/wp-content\/uploads\/2026\/04\/image-2.png\" alt=\"\" class=\"wp-image-1904\" srcset=\"https:\/\/lavoz.us.com\/homepage\/wp-content\/uploads\/2026\/04\/image-2.png 1200w, https:\/\/lavoz.us.com\/homepage\/wp-content\/uploads\/2026\/04\/image-2-800x464.png 800w, https:\/\/lavoz.us.com\/homepage\/wp-content\/uploads\/2026\/04\/image-2-768x445.png 768w\" sizes=\"(max-width: 1200px) 100vw, 1200px\" \/><\/a><\/figure>\n\n\n\n<p><strong>California impulsa programa para prevenir la violencia con armas<\/strong><br>Organizaciones de todo el estado participan en Reduce the Risk, iniciativa que promueve el uso de \u00f3rdenes de protecci\u00f3n para prevenir la violencia con armas de fuego. La Gun Violence Restraining Order (GVRO) permite retirar temporalmente armas a personas en riesgo. En sus primeros tres a\u00f1os, ayud\u00f3 a prevenir 58 posibles tiroteos masivos en California. El programa ofrece capacitaciones gratuitas y recursos educativos para comunidades, autoridades y profesionales de la salud con el objetivo de fortalecer la prevenci\u00f3n y salvar vidas.<\/p>\n\n\n\n<p><strong>California promotes firearm violence prevention program<\/strong><br>Organizations statewide are partnering through Reduce the Risk, an initiative that promotes protection orders to prevent firearm violence. The Gun Violence Restraining Order (GVRO) allows temporary firearm removal from individuals at risk and helped prevent 58 potential mass shootings during its first three years. The program provides free trainings and educational resources for communities, law enforcement and healthcare professionals to strengthen prevention efforts and improve public safety.<\/p>\n\n\n\n<p><\/p>\n\n\n\n<hr class=\"wp-block-separator has-alpha-channel-opacity\"\/>\n\n\n\n<figure class=\"wp-block-image aligncenter size-full is-resized\"><img decoding=\"async\" width=\"2048\" height=\"1223\" src=\"https:\/\/lavoz.us.com\/homepage\/wp-content\/uploads\/2026\/04\/image-3.png\" alt=\"\" class=\"wp-image-1905\" style=\"width:895px;height:auto\" srcset=\"https:\/\/lavoz.us.com\/homepage\/wp-content\/uploads\/2026\/04\/image-3.png 2048w, https:\/\/lavoz.us.com\/homepage\/wp-content\/uploads\/2026\/04\/image-3-800x478.png 800w, https:\/\/lavoz.us.com\/homepage\/wp-content\/uploads\/2026\/04\/image-3-768x459.png 768w, https:\/\/lavoz.us.com\/homepage\/wp-content\/uploads\/2026\/04\/image-3-1536x917.png 1536w\" sizes=\"(max-width: 2048px) 100vw, 2048px\" \/><\/figure>\n\n\n\n<p><strong>English Conversation Club<\/strong><br>Adult learners can improve their English in a relaxed and supportive environment during these drop-in sessions designed to practice speaking and build confidence. The activity is open to participants of all levels, and no registration is required. Sessions will take place at Sonoma County Library locations in Central Santa Rosa, Petaluma, Rohnert Park Cotati, Roseland and Windsor, CA.<\/p>\n\n\n\n<p><strong>Club de conversaci\u00f3n en ingl\u00e9s<\/strong><br>Los estudiantes adultos pueden mejorar su ingl\u00e9s en un ambiente relajado y de apoyo durante estas sesiones abiertas dise\u00f1adas para practicar conversaci\u00f3n y ganar confianza. La actividad est\u00e1 dirigida a participantes de todos los niveles, y no requiere registro previo. Las sesiones se realizar\u00e1n en sedes de la biblioteca del condado de Sonoma en Central Santa Rosa, Petaluma, Rohnert Park Cotati, Roseland y Windsor, CA.<\/p>\n\n\n\n<p><\/p>\n\n\n\n<hr class=\"wp-block-separator has-alpha-channel-opacity\"\/>\n\n\n\n<figure class=\"wp-block-image size-full\"><a href=\"https:\/\/link.mail.beehiiv.com\/ss\/c\/u001.YCk0ZhGuRdgMQujtfKLiJHXTpbv4bT0sKEAunzGR3fexJMeVuUve_jmWMjZQtv9iJeeXLlhkfL4dd4Kk1eDTcXyLgd1Ve--f0QkCeLGRCECSi-oNXUVStKSws08qdbt1HtxaIlwuqFuBwWLk0THBY-ZdCDo0vJ82tPTVdJflYLKbBmgMlDKLGwvi-RmTxc4iDZQs6XPbF-HxBAT_Sn-oid3oLQoAgukPDP_z1rdpBh1reqjJzDIeShRFzGK3tSgXOz224u283T5yhq43eih179jvRbK5sHEgUwkSmLOvTaDkQ8AC307yW-LXgYQI2h1dD09qukMhtCRyas9m2t9OlESVqH_NUWkRZ4BO-mObOs9zkt-Rz0IQkcvQIiL9hKyUhfq3RvtJRguUF19_d4_FWtnp3gQncEt3ll40mIvPTz6mzjcaMfzUhiJ2kBhdZyhID4N_8VGfi-1aSolRg7MNO1q5LtAy9h4r8GQEZQSxIV9LiT-j2G2n8icAjJ70b4OKX8Ch_ZVVgLz4KpcFGSMv4z9nNBuNO2LaYISIEKV0lnQKflA6gQPS2w4Zv8rZg99M0xErkHDFq54QyfblsEn-in_YHzNtYuPEz5bbaOoZ1LaExAqRi1b4Z3422WTfTZkdhj1O6naShpjLibGlY_tiPc7isquVddk0PaS4vRt4pzRJ4NJe4rvMkVB0QL6lo2DQELZUHeYlI53UU-l7_kYBx-239UdgeQWdP9GQHfJlKI7UODaziR4ivwZfAnw68UwdzFunbwY9gYygup-I2XoalA\/4q2\/i7bfbZKMQL2AIU36LB98nQ\/h16\/h001.-0UywhxQRRRc1MEtw2dadq9PcLmssOy69O1IYXhooyg\"><img loading=\"lazy\" decoding=\"async\" width=\"1200\" height=\"628\" src=\"https:\/\/lavoz.us.com\/homepage\/wp-content\/uploads\/2026\/04\/image-4.png\" alt=\"\" class=\"wp-image-1906\" srcset=\"https:\/\/lavoz.us.com\/homepage\/wp-content\/uploads\/2026\/04\/image-4.png 1200w, https:\/\/lavoz.us.com\/homepage\/wp-content\/uploads\/2026\/04\/image-4-800x419.png 800w, https:\/\/lavoz.us.com\/homepage\/wp-content\/uploads\/2026\/04\/image-4-768x402.png 768w\" sizes=\"(max-width: 1200px) 100vw, 1200px\" \/><\/a><\/figure>\n\n\n\n<p><strong>April recognized as Earthquake Preparedness Month in California<\/strong><br>California marks April as Earthquake Preparedness Month, encouraging residents statewide to prepare for future seismic events through multilingual resources and early warning alerts. The initiative highlights the importance of readiness as earthquakes remain a year-round risk, recalling the devastating April 18, 1906 earthquake in San Francisco, which killed about 3,000 people and destroyed more than 28,000 buildings. Officials urge Californians to sign up for alerts through the Earthquake Warning California system, including the free MyShake app and Wireless Emergency Alerts, which provide crucial seconds to \u201cDrop, Cover, and Hold On.\u201d Residents are also encouraged to secure furniture, create emergency plans, and prepare supply kits to help protect lives and property.<\/p>\n\n\n\n<p><strong>California reconoce abril como Mes de Preparaci\u00f3n ante Terremotos<\/strong><br>California reconoce abril como el Mes de Preparaci\u00f3n ante Terremotos, promoviendo recursos multiling\u00fces y sistemas de alerta temprana para ayudar a los residentes a prepararse ante futuros sismos. La campa\u00f1a recuerda que los riesgos s\u00edsmicos son constantes y conmemora el terremoto del 18 de abril de 1906 en San Francisco, que dej\u00f3 cerca de 3,000 fallecidos y m\u00e1s de 28,000 edificios destruidos. Las autoridades recomiendan registrarse en el sistema Earthquake Warning California, incluyendo la aplicaci\u00f3n gratuita MyShake y las alertas inal\u00e1mbricas de emergencia, que brindan segundos vitales para \u201cAg\u00e1chate, C\u00fabrete y Suj\u00e9tate\u201d. Tambi\u00e9n se invita a la comunidad a asegurar muebles, crear planes familiares y preparar kits de emergencia para proteger vidas y propiedades.<\/p>\n\n\n\n<p><\/p>\n\n\n\n<p><\/p>\n\n\n\n<hr class=\"wp-block-separator has-alpha-channel-opacity\"\/>\n\n\n\n<figure class=\"wp-block-image aligncenter size-full is-resized\"><a href=\"https:\/\/link.mail.beehiiv.com\/ss\/c\/u001.9M0y2phqBbizVT5vEwOP2AWX1nqwGjYaxNXl-AVeXFHuk3ZLDqvBvuf3W6PsJaqKhE3E78xIUqina971enVh4t8muUi9SCnhZbkvPjviIPUjhlkWYBnQsngDUYbdqTkcZ23WbHsX_oNEzCOQOTRQVzbhjtNwv7_powZDBIqlSOY3zJCCbIynC2qDIMb9FPIHQNZaYAt0YSh9jIsEAhm18c3hxFJ8unEVlJWJmZ0R-Vy5inzklRaDXpYk-zAm4vLlCcwn-xqTQtQRPtK_jhPfqV3dWa3-t9nVkVIF1fe1WdmY89eB915rD5V3s6GD_WLMHMsOGPAVY7GizetAqqTeUTi0P7UFoOgNw27_eurVUOsP33fJjSSl0mRpBtsdUwy-9pRATrP-ocYgpHqfpy69NF3Hah6PR9tGV1_0bwfy5lsZTq8EeIfX_-p3G2Vabl4YhdVU8ZE6BF8jjPc9N9qtEytr1NuOlSp_AKCZQO5px7D-KFJ5Y9LWSzdojl0gGFnLh5_mueN_e1pcHiUXGzehlt6k8cmTGWcsafSnDwmWWRlU9XGNOzdtOLoBh6Tbu1qLtXmVcvC_vTFoHAnjsls2aA\/4q2\/i7bfbZKMQL2AIU36LB98nQ\/h17\/h001.3K4y-Ny84FJARzNAJ4rX2UArbQ8_dMwQ8lofhmtgTCA\"><img loading=\"lazy\" decoding=\"async\" width=\"700\" height=\"400\" src=\"https:\/\/lavoz.us.com\/homepage\/wp-content\/uploads\/2026\/04\/image-5.png\" alt=\"\" class=\"wp-image-1907\" style=\"width:936px;height:auto\"\/><\/a><\/figure>\n\n\n\n<p><strong>Wildfire &amp; Earthquake Safety Expo Invites Families to Prepare for Emergencies<\/strong><br>The 6th Annual Wildfire and Earthquake Expo will take place Sunday, April 26, from 10 a.m. to 3 p.m. at the Sonoma County Fairgrounds. This free, family-friendly event brings together more than 25 public safety and emergency preparedness organizations offering hands-on learning about how teams respond to disasters. Attendees can enjoy live demonstrations, emergency preparedness tips, helicopter displays, extinguisher training, a simulated earthquake experience, free breakfast, and a complimentary emergency \u201cGo Bag\u201d (one per family, while supplies last). Educational resources will be available in English and Spanish, along with free parking and food trucks.<\/p>\n\n\n\n<p><strong>Expo de Seguridad ante Incendios Forestales y Terremotos invita a prepararse en familia<\/strong><br>La 6.\u00aa Expo Anual sobre Incendios Forestales y Terremotos se realizar\u00e1 el domingo 26 de abril, de 10 a.m. a 3 p.m., en el Recinto de la Feria del Condado de Sonoma. Este evento gratuito y familiar reunir\u00e1 a m\u00e1s de 25 agencias y organizaciones de seguridad p\u00fablica que ofrecer\u00e1n experiencias pr\u00e1cticas para aprender c\u00f3mo responder ante emergencias. Habr\u00e1 demostraciones en vivo, consejos de preparaci\u00f3n, exhibici\u00f3n de helic\u00f3pteros, capacitaci\u00f3n con extinguidores, simulaci\u00f3n de terremoto, desayuno gratuito y una mochila de emergencia de regalo por familia (hasta agotar stock). La informaci\u00f3n estar\u00e1 disponible en ingl\u00e9s y espa\u00f1ol, adem\u00e1s de estacionamiento gratis y food trucks.<\/p>\n\n\n\n<p><\/p>\n\n\n\n<hr class=\"wp-block-separator has-alpha-channel-opacity\"\/>\n\n\n\n<figure class=\"wp-block-image aligncenter size-full\"><a href=\"https:\/\/link.mail.beehiiv.com\/ss\/c\/u001.9M0y2phqBbizVT5vEwOP2HIzRup6xuOmAuC45fowVT7kL0w2HhFjw_CMeU4Rp9qJkjhQUsI4ybKQlhwMX4oDNL0odcbwRk_TxDuimbTqING3UW55aIwC7Ge-Esmwwo45HJd3-dqE4ApJBNLo1aoNjBj-gDZcJNCXOkuNwt9duBef4k9HqeerpYfbRWV6Y8qXutiNImbxSjJcEs_GaaKLk4zhh8jQ42qd4swfQlxJZHKNVlPekDtMZr0EK93Wwkv6XVX70EZI3IMtIIGgcAoZzrONVRnSWtgVq1byuSLAxfJW0W7gDzv36hX1VhT7P_wyipZ4ozC4kqqUJ0KgFnkiUvxZxMyJz2olhvjVOI3dzAPdvf9YDSdvYYqZE5egr8KwAUnxf7kDYPul4rSB0oN3U97T-TNCYhU0YYfmuIgRW9Q\/4q2\/i7bfbZKMQL2AIU36LB98nQ\/h18\/h001._r2VGF63wqLLfHlqJi8iTxfaJQXAs7h2aSMmzl5LR3s\"><img loading=\"lazy\" decoding=\"async\" width=\"666\" height=\"375\" src=\"https:\/\/lavoz.us.com\/homepage\/wp-content\/uploads\/2026\/04\/image-6.png\" alt=\"\" class=\"wp-image-1908\"\/><\/a><\/figure>\n\n\n\n<p><strong>CITY OF SANTA ROSA: Board Vacancies<\/strong><br>The Santa Rosa City Council is seeking volunteers to serve on several civic boards and committees, including the Art in Public Places Committee, Bicycle &amp; Pedestrian Advisory Board, Board of Building Regulation Appeals, Board of Public Utilities, Library Commission, Public Financing Authority, and Public Safety and Prevention Tax Citizens\u2019 Oversight Committee. Applicants must be City of Santa Rosa residents. For applications or more information, call (707) 543-4704 or visit srcity.org\/boards.<\/p>\n\n\n\n<p><strong>CITY OF SANTA ROSA: Convocatoria para juntas ciudadanas<\/strong><br>El Concejo Municipal de Santa Rosa busca voluntarios para integrar distintas juntas y comit\u00e9s ciudadanos, incluyendo Art in Public Places Committee, Bicycle &amp; Pedestrian Advisory Board, Board of Building Regulation Appeals, Board of Public Utilities, Library Commission, Public Financing Authority y Public Safety and Prevention Tax Citizens\u2019 Oversight Committee. Las postulaciones est\u00e1n abiertas para residentes de la ciudad de Santa Rosa. Para m\u00e1s informaci\u00f3n o postular, llamar al (707) 543-4704 o visitar srcity.org\/boards.<\/p>\n\n\n\n<p><\/p>\n\n\n\n<hr class=\"wp-block-separator has-alpha-channel-opacity\"\/>\n\n\n\n<figure class=\"wp-block-image aligncenter size-full\"><a href=\"https:\/\/link.mail.beehiiv.com\/ss\/c\/u001.nmjeFFt3jAWussZ9zsBbEZYvvnt__oNbYkKGpVNGb7AsbWYtF109I6FV39tnyrTJAyAIsYt0GEBYhXY8YN8xP5ukM-hdQq6zaIxSXVy_gvApyzZq8JKzvYw4iit-cMPslFQiCM3wU1TNKj2kFWNDZLhs4V_jlmDMvSd4y3jaJKFQutEPw1zrErSqAussaWp_MKW30vXrFN1EJSZ3lstgg0u2ysBkTzuORBoFJJBJp9yCEccclZU3Iw9NAscwTVOFPm7pTgmluH84IwysvAe3kiIe3f4RFm1J1nTIkjzcx3sgYesuiiJSHB-N30tms0xJsKnSXLob7AN8o3RWQNKw5cblVnuZBnfI3ECjJnmLuPpGyoeEMl9BsodaG4RdcoxAz4QwQStyZFIQUe4UaBI05ZLFPkMWOQSuhGDxQTjp1PzeIp1HzWRPF4WwS1JwjWMjismq_2OrF_2oD227fmoE0UPYqJJoH9ZLifxBWda6EZ7egSuc4sHGFn8ybn0KIEh0Y_-LDboOC2OrqzFADb_0L8DdnE67uB4BetklCyrttHuWQjL8Er8FgdArSh6mU0RkeZScUSWxuyLAA57MBO5_mb3dhPioQ-g8p5O0Z6jq4YhG5I60Mg0FLY1IFa7G7q55Axts_sL83vGLxZlbOadCU7Ya1HNc-mezllF3Uax6X0EMkUBhJBmgA_RsGdcad5c18LebID96Xr1fuVi0zeqR7UM7yb8d6G15U2FAIYTYH0aEt-9Vm5uBzeYxKjMwv7OeU71uVf_bTgc9oF2mxICZ4bN1Yn0MutDz44YoxS9bztkWayUyo5wlhL0zYaUfnHJ_kDZbek29oM5oGsBUtRpTNg2LyLpab07H7_-wDhyCR6X2ThUkquxgHNXO37Xk0IfuTFvGMQoZ7fyepqQDhvErbBE0qkpXCQvxSeC-jle-7MSXhhWm2m33SrV_UhDfswOOpyGA_gPeK-lqLKmOHc15p3D4ZoJjkpYUfccqH7nRSJus_BMudeIiln3qQ9FnMW6dgQcbOwg2aCtGDp9DMwyuJ5EyDnbNiX-KU12ikUsaRKPHIw0lEYMqbrm6Yv1n-bADfhnwVajcQfkzPURUB7QRXZ32-qwocbSEo25sb2zd8ObcpzhekbAv0VXswYoWBvcznPO7ebP82XhUjWeTYt_u8LL1PODD771lv2Yka_VVEp87jdSF4gOBl2UMrCD1st5f8nA7E2N2z1m0x5dGYXeZWyWUuecdT2BZHl_8HnSq68PE-z7_F2nZF2Io9jGfQ7lHVGGdQkEvp0vnVMtV4vw8J_gWwzIlwxyEcnLf2hePDxM\/4q2\/i7bfbZKMQL2AIU36LB98nQ\/h21\/h001.-cd-4IHw7ZSJJdRYWpR57pTojxTFExthSPMX-gcCHuU\"><img loading=\"lazy\" decoding=\"async\" width=\"1080\" height=\"1350\" src=\"https:\/\/lavoz.us.com\/homepage\/wp-content\/uploads\/2026\/04\/image-7.png\" alt=\"\" class=\"wp-image-1909\" srcset=\"https:\/\/lavoz.us.com\/homepage\/wp-content\/uploads\/2026\/04\/image-7.png 1080w, https:\/\/lavoz.us.com\/homepage\/wp-content\/uploads\/2026\/04\/image-7-640x800.png 640w, https:\/\/lavoz.us.com\/homepage\/wp-content\/uploads\/2026\/04\/image-7-768x960.png 768w\" sizes=\"(max-width: 1080px) 100vw, 1080px\" \/><\/a><\/figure>\n\n\n\n<p><strong>Asian Cuisine Cooking Demo \u2013 Dumplings!<\/strong><br>La cocinera y empresaria local Lani Chan ofrecer\u00e1 una demostraci\u00f3n culinaria sobre el arte de preparar dumplings, donde ense\u00f1ar\u00e1 opciones de ingredientes, t\u00e9cnicas de armado y m\u00e9todos de cocci\u00f3n; tras la charla, los asistentes podr\u00e1n degustar la preparaci\u00f3n. Requiere inscripci\u00f3n previa en Central Santa Rosa, Cloverdale y Rohnert Park Cotati.<\/p>\n\n\n\n<p><strong>Asian Cuisine Cooking Demo \u2013 Dumplings!<\/strong><br>Local cook and business owner Lani Chan will lead a cooking demonstration on the art of dumplings, teaching ingredient options, wrapping techniques, and cooking methods, followed by a food tasting; advance registration required at Central Santa Rosa, Cloverdale, and Rohnert Park Cotati.<\/p>\n\n\n\n<p><\/p>\n\n\n\n<hr class=\"wp-block-separator has-alpha-channel-opacity\"\/>\n\n\n\n<figure class=\"wp-block-image aligncenter size-full\"><a href=\"https:\/\/link.mail.beehiiv.com\/ss\/c\/u001.nmjeFFt3jAWussZ9zsBbEZYvvnt__oNbYkKGpVNGb7AsbWYtF109I6FV39tnyrTJAyAIsYt0GEBYhXY8YN8xP5ukM-hdQq6zaIxSXVy_gvApyzZq8JKzvYw4iit-cMPsegLUNykBkaRu4T9CXiUUU3DyyQ6y_aCbTI0p7xSWa3DYQ1VKJvZkXZIiBdA4z4MOlFdy10z-7wDS5YROrog-H7MxQKGbfCsj4lQLCl-qANflfgBH4DR1uNDlOJv7BvA7CAstHmPsj7OSgHk-nF0eYEDlfXDrh4SOcacZ-MbKt7VF3IaNQEWPYCGJL-sjEso6F5G6TuY22qSgEFDMjgJwDsIr7oSAuT97ZgsZAHWcU0eZpxyBmbHT0Em32oB-cNnMF17CxIj2JWQHYHXgPr7qK_RR3Wx6R9sse7_BI-rtsCc3fmLjc_8KwY2f90O6Iz9pu6jCWtsXE12WTsj-EsgPmyh3y9DKGEM0USkP5gpAuwFn-gAnhEIGNl-bvPwGvwPNUrIpFLjWZwNA1lKsMGvEL3jry5_VXsnBo0Zjm-6dbT0wQ1xTwnJiYwBmIQx2Tw1ig__eGBUJ4SDR1wzM_Omba7Cgj_beViMJimD7bqXaCmNyATxBBl-WsBHFWsABNyoF-QQLJ7EC4iBBTZZx3nOojyhcwkZR6KWNHPuJ2q8n7FfmqX18-J0nINXhOrLcWjXmivmR44RBYclihxOk-EAEDS8Kir2JUujQPxzKTmyLNFT_U3kmKoID_W25MOOO9TqNc6QjrdwPAx3J7GNJIKcSZFNui6I4r22bN2tDehWvKmTzhrFHkYpXSyBeEY5ymtreSqq1nkmWBKyGDiTRqOae22TTP0LlEngoqyELWjAHJYjtIJcFwuIlmTwo3rFiYzUWw-hDcJZtIOJ5HLFqbZd4apZhHpXEtHDi1wmRchdKisAcPOjE-nddx7A9OVAo2OPIAQ-Cc7162iyHLOyuIfP7QVwbEe9D9vzXb_03knolWF2PP7oAwTvC3RUNqZvi9-7glA-L4iLZeaHo_aKKou_jX39oQomZWKjoZRZQAa2-GKxVRD1nnKQC8DgKG4O2IrS08uEn8nuemjCSNTj7Tl_noFeaey6XF9frfiGXQdLGpYxkpXj7Uvlu5twJ36_CbSnm238JAeb7kN_StdbXJo_JIQ6uuKmB8g50utNqBbnH13IdZda-cqRmuPM-aKWsMXJIS-23GR4YozeJ0h4pREFbhw\/4q2\/i7bfbZKMQL2AIU36LB98nQ\/h22\/h001.40UPnx5y1PHK3vXmrT5vMWbAz55AkAtceLGBofQxVVE\"><img loading=\"lazy\" decoding=\"async\" width=\"1440\" height=\"1800\" src=\"https:\/\/lavoz.us.com\/homepage\/wp-content\/uploads\/2026\/04\/image-8.png\" alt=\"\" class=\"wp-image-1910\" srcset=\"https:\/\/lavoz.us.com\/homepage\/wp-content\/uploads\/2026\/04\/image-8.png 1440w, https:\/\/lavoz.us.com\/homepage\/wp-content\/uploads\/2026\/04\/image-8-640x800.png 640w, https:\/\/lavoz.us.com\/homepage\/wp-content\/uploads\/2026\/04\/image-8-768x960.png 768w, https:\/\/lavoz.us.com\/homepage\/wp-content\/uploads\/2026\/04\/image-8-1229x1536.png 1229w\" sizes=\"(max-width: 1440px) 100vw, 1440px\" \/><\/a><\/figure>\n\n\n\n<p><strong>Paying for College with Scholarships Series<\/strong><br>Estudiantes y familias podr\u00e1n aprender c\u00f3mo financiar la universidad en esta serie de talleres interactivos junto a la asesora de becas Becca Lippman, donde se ense\u00f1ar\u00e1 c\u00f3mo buscar, postular y administrar becas; se recomienda preinscripci\u00f3n para recibir recordatorios. Dirigido a estudiantes de grados 9\u201312 en Central Santa Rosa, Cloverdale, Northwest Santa Rosa y Sebastopol.<\/p>\n\n\n\n<p><strong>Paying for College with Scholarships Series<\/strong><br>Students and families can learn how to pay for college through this interactive workshop series led by scholarships advisor Becca Lippman, covering how to find, apply for, and manage scholarships; pre-registration is recommended to receive reminder emails. Open to grades 9\u201312 at Central Santa Rosa, Cloverdale, Northwest Santa Rosa, and Sebastopol.<\/p>\n\n\n\n<hr class=\"wp-block-separator has-alpha-channel-opacity\"\/>\n\n\n\n<p><\/p>\n\n\n\n<figure class=\"wp-block-image aligncenter size-full is-resized\"><a href=\"https:\/\/link.mail.beehiiv.com\/ss\/c\/u001.I14ib-jsgm_jtzjRLqmTY7ngcaUygryUhLXJugRiuZPZ1y5csscgIgV3xoi87rThopjMyV4271hnA2b-DyF28di40nsHF6SVtDeIs5a-21ES31pCJRMDOIkGGNL_q3zdhDk5Uxhi7HV11zrSbF1g-EHDt290JSGLfx89RmEFiUnm-VTyll-fB0erb1u_q7kB4YafVyECTnuoCjZDeayJGYKc06KmAPM0Emtdp9HCLePyiLfxmC_7foZ3qR_iwjAAYpQXeNcoeuC4IFDs758UGUHl1Oi3QS8AaFQljSDOn_iW8Wu4bPQKmZhOxPfEN6p3Co-lfLzGgCS3HGmzB-jicTcnm2sWFQqvn9jvQRdUM5Q6-MT6mQOw54sAEvoGyuvvVAmj3G9LIzt_sIyydtg-KNi6fHtfYE8XcomNfpvO1JaPIHpnIip0WWaDJuiJpldjLW5yzOakzEXY11oIwlLnAsCdo30epq6ecw1EA6D_eBPf4nceDgSrBnxPejM4rjEBN7Hu5q7z4S42qDL2MRDka5shXQZjwCuwFQww7bHvLq4AxSqI35ljg2t9RebzeGSd6Te-4VW5_CkzQmN8qqZd-82POZU1NXf_BNkEoLj5oCESepIV_xIOK6UIqG6dckYyHz-mARE5a9PHAdStiWKPrV8CZUQI-FUa6dA-gkeAXI-FcFD3eE3LmuqLdc_uJRwc58rMpAiWSa5ibJ_KUMLSn7PHW94uieWD7aRawUd7z8ZNcHW4VOepHtehU1K2hd9X_oX7zVG81Ka78q48__bem1ncQRrhThPZKQsWwZ8WetDuyuRhJS485Z08jB_qX-d_XNWstAqj8XWDNnyKBfhIGjo31oIg64bNaQB5nukfjGpk2Qh-A3yWdO0O9gq8UU0P7oaHCSWapZtm8MmFmw686MjZ4zRRClOQR7JEoEBW9is\/4q2\/i7bfbZKMQL2AIU36LB98nQ\/h23\/h001.F-AxwIf6DG19coFH0OUclwbIzCmudqoHHfm-ZKFcR8k\"><img loading=\"lazy\" decoding=\"async\" width=\"1440\" height=\"1800\" src=\"https:\/\/lavoz.us.com\/homepage\/wp-content\/uploads\/2026\/04\/image-9.png\" alt=\"\" class=\"wp-image-1911\" style=\"width:1172px;height:auto\" srcset=\"https:\/\/lavoz.us.com\/homepage\/wp-content\/uploads\/2026\/04\/image-9.png 1440w, https:\/\/lavoz.us.com\/homepage\/wp-content\/uploads\/2026\/04\/image-9-640x800.png 640w, https:\/\/lavoz.us.com\/homepage\/wp-content\/uploads\/2026\/04\/image-9-768x960.png 768w, https:\/\/lavoz.us.com\/homepage\/wp-content\/uploads\/2026\/04\/image-9-1229x1536.png 1229w\" sizes=\"(max-width: 1440px) 100vw, 1440px\" \/><\/a><\/figure>\n\n\n\n<p><strong>Celebra el D\u00eda de los Ni\u00f1os y el D\u00eda del Libro<\/strong><br>El 30 de abril, las familias podr\u00e1n celebrar el D\u00eda de los Ni\u00f1os\/Children\u2019s Book Day, una jornada dedicada a la ni\u00f1ez, la lectura y la comunidad, visitando su biblioteca local para recibir un libro gratis (hasta agotar stock) y participar en talleres pr\u00e1cticos como Word Chains para grados PreK\u20133 y Tambourines para grados 4\u20136 en Central Santa Rosa, Cloverdale, Guerneville, Northwest Santa Rosa, Petaluma, Rohnert Park Cotati, Roseland y Sonoma Valley.<\/p>\n\n\n\n<p><strong>Celebrate D\u00eda de los Ni\u00f1os \/ Children\u2019s Book Day<\/strong><br>Families are invited to celebrate Children\u2019s Day\/Book Day on April 30, honoring children, families, and reading with free books (while supplies last) and hands-on workshops including Word Chains for grades PreK\u20133 and Tambourines for grades 4\u20136 at Central Santa Rosa, Cloverdale, Guerneville, Northwest Santa Rosa, Petaluma, Rohnert Park Cotati, Roseland, and Sonoma Valley.<\/p>\n\n\n\n<hr class=\"wp-block-separator has-alpha-channel-opacity\"\/>\n\n\n\n<p><\/p>\n\n\n\n<p><\/p>\n\n\n\n<hr class=\"wp-block-separator has-alpha-channel-opacity\"\/>\n\n\n\n<p><\/p>\n\n\n\n<p><\/p>\n","protected":false},"excerpt":{"rendered":"<p>Anuncios y eventosEvents and Announcements Santa Rosa Zine Fest regresa con tres d\u00edas de arte y cultura DIYEl Santa Rosa Zine Fest 2026 celebrar\u00e1 su sexta edici\u00f3n del 30 de abril al 2 de mayo con actividades dedicadas a la autoedici\u00f3n, el arte independiente y la creaci\u00f3n comunitaria. El evento invita tanto a creadores experimentados [&hellip;]<\/p>\n","protected":false},"author":2,"featured_media":0,"parent":0,"menu_order":0,"comment_status":"closed","ping_status":"closed","template":"","meta":{"footnotes":""},"class_list":["post-676","page","type-page","status-publish","hentry"],"amp_enabled":true,"_links":{"self":[{"href":"https:\/\/lavoz.us.com\/homepage\/wp-json\/wp\/v2\/pages\/676","targetHints":{"allow":["GET"]}}],"collection":[{"href":"https:\/\/lavoz.us.com\/homepage\/wp-json\/wp\/v2\/pages"}],"about":[{"href":"https:\/\/lavoz.us.com\/homepage\/wp-json\/wp\/v2\/types\/page"}],"author":[{"embeddable":true,"href":"https:\/\/lavoz.us.com\/homepage\/wp-json\/wp\/v2\/users\/2"}],"replies":[{"embeddable":true,"href":"https:\/\/lavoz.us.com\/homepage\/wp-json\/wp\/v2\/comments?post=676"}],"version-history":[{"count":36,"href":"https:\/\/lavoz.us.com\/homepage\/wp-json\/wp\/v2\/pages\/676\/revisions"}],"predecessor-version":[{"id":1912,"href":"https:\/\/lavoz.us.com\/homepage\/wp-json\/wp\/v2\/pages\/676\/revisions\/1912"}],"wp:attachment":[{"href":"https:\/\/lavoz.us.com\/homepage\/wp-json\/wp\/v2\/media?parent=676"}],"curies":[{"name":"wp","href":"https:\/\/api.w.org\/{rel}","templated":true}]}}